{"id":121,"date":"2026-01-16T17:23:17","date_gmt":"2026-01-16T16:23:17","guid":{"rendered":"https:\/\/tierrasdecaceresytrujillo.es\/actividades\/?page_id=121"},"modified":"2026-02-17T18:03:37","modified_gmt":"2026-02-17T17:03:37","slug":"comarca-tajo-salor-almonte","status":"publish","type":"page","link":"https:\/\/tierrasdecaceresytrujillo.es\/actividades\/comarca-tajo-salor-almonte\/","title":{"rendered":"COMARCA TAJO &#8211; SALOR &#8211; ALMONTE"},"content":{"rendered":"\t\t<div data-elementor-type=\"wp-page\" data-elementor-id=\"121\" class=\"elementor elementor-121\">\n\t\t\t\t<div class=\"elementor-element elementor-element-c0302f1 e-flex e-con-boxed e-con e-parent\" data-id=\"c0302f1\" data-element_type=\"container\" data-e-type=\"container\" data-settings=\"{&quot;background_background&quot;:&quot;classic&quot;}\">\n\t\t\t\t\t<div class=\"e-con-inner\">\n\t\t\t\t<div class=\"elementor-element elementor-element-49995c8 elementor-widget elementor-widget-heading\" data-id=\"49995c8\" data-element_type=\"widget\" data-e-type=\"widget\" data-widget_type=\"heading.default\">\n\t\t\t\t\t<h1 class=\"elementor-heading-title elementor-size-default\">COMARCA TAJO - SALOR - ALMONTE<\/h1>\t\t\t\t<\/div>\n\t\t\t\t<div class=\"elementor-element elementor-element-49aa676 elementor-widget elementor-widget-heading\" data-id=\"49aa676\" data-element_type=\"widget\" data-e-type=\"widget\" data-widget_type=\"heading.default\">\n\t\t\t\t\t<h2 class=\"elementor-heading-title elementor-size-default\">\"Tierra de Sabores y Paisajes \u00fanicos<\/h2>\t\t\t\t<\/div>\n\t\t\t\t\t<\/div>\n\t\t\t\t<\/div>\n\t\t<div class=\"elementor-element elementor-element-af39b94 e-flex e-con-boxed e-con e-parent\" data-id=\"af39b94\" data-element_type=\"container\" data-e-type=\"container\">\n\t\t\t\t\t<div class=\"e-con-inner\">\n\t\t\t\t<div class=\"elementor-element elementor-element-0985bb7 elementor-widget elementor-widget-text-editor\" data-id=\"0985bb7\" data-element_type=\"widget\" data-e-type=\"widget\" data-widget_type=\"text-editor.default\">\n\t\t\t\t\t\t\t\t\t<p style=\"text-align: center;\">La <strong>comarca Tajo-Salor-Almonte<\/strong> es un destino clave del turismo rural y cultural en Extremadura, donde se unen tradici\u00f3n, naturaleza y sabores \u00fanicos. Pueblos con encanto como Casar de C\u00e1ceres, Garrovillas de Alcon\u00e9tar, Aliseda, Malpartida de C\u00e1ceres, Navas del Madro\u00f1o y Arroyo de la Luz ofrecen un viaje lleno de historia, patrimonio y experiencias aut\u00e9nticas. Destacan sus paisajes naturales, rutas senderistas y espacios singulares como Los Barruecos. La gastronom\u00eda local, con quesos, productos ib\u00e9ricos y recetas tradicionales, es uno de sus grandes atractivos. Una comarca perfecta para descubrir la esencia m\u00e1s aut\u00e9ntica de la provincia de C\u00e1ceres.<\/p>\t\t\t\t\t\t\t\t<\/div>\n\t\t\t\t\t<\/div>\n\t\t\t\t<\/div>\n\t\t<div class=\"elementor-element elementor-element-68eff69 e-flex e-con-boxed e-con e-parent\" data-id=\"68eff69\" data-element_type=\"container\" data-e-type=\"container\">\n\t\t\t\t\t<div class=\"e-con-inner\">\n\t\t<div class=\"elementor-element elementor-element-2210b91 e-con-full e-flex e-con e-child\" data-id=\"2210b91\" data-element_type=\"container\" data-e-type=\"container\">\n\t\t\t\t<div class=\"elementor-element elementor-element-6c6cc2f elementor-widget elementor-widget-image\" data-id=\"6c6cc2f\" data-element_type=\"widget\" data-e-type=\"widget\" data-widget_type=\"image.default\">\n\t\t\t\t\t\t\t\t\t\t\t\t\t\t\t\t<a href=\"https:\/\/tierrasdecaceresytrujillo.es\/actividades\/viaje-no9-malpartida-de-caceres-arroyo-de-la-luz\/\">\n\t\t\t\t\t\t\t<img fetchpriority=\"high\" decoding=\"async\" width=\"1024\" height=\"607\" src=\"https:\/\/tierrasdecaceresytrujillo.es\/actividades\/wp-content\/uploads\/sites\/5\/2026\/02\/IMG_VIAJE_No9_ORDEN_1-1.jpg\" class=\"elementor-animation-shrink attachment-large size-large wp-image-1561\" alt=\"\" srcset=\"https:\/\/tierrasdecaceresytrujillo.es\/actividades\/wp-content\/uploads\/sites\/5\/2026\/02\/IMG_VIAJE_No9_ORDEN_1-1.jpg 1024w, https:\/\/tierrasdecaceresytrujillo.es\/actividades\/wp-content\/uploads\/sites\/5\/2026\/02\/IMG_VIAJE_No9_ORDEN_1-1-300x178.jpg 300w, https:\/\/tierrasdecaceresytrujillo.es\/actividades\/wp-content\/uploads\/sites\/5\/2026\/02\/IMG_VIAJE_No9_ORDEN_1-1-768x455.jpg 768w\" sizes=\"(max-width: 1024px) 100vw, 1024px\" \/>\t\t\t\t\t\t\t\t<\/a>\n\t\t\t\t\t\t\t\t\t\t\t\t\t\t\t<\/div>\n\t\t\t\t<\/div>\n\t\t<div class=\"elementor-element elementor-element-a31d76e e-con-full e-flex e-con e-child\" data-id=\"a31d76e\" data-element_type=\"container\" data-e-type=\"container\">\n\t\t\t\t<div class=\"elementor-element elementor-element-73d7371 elementor-widget elementor-widget-image\" data-id=\"73d7371\" data-element_type=\"widget\" data-e-type=\"widget\" data-widget_type=\"image.default\">\n\t\t\t\t\t\t\t\t\t\t\t\t\t\t\t\t<a href=\"https:\/\/tierrasdecaceresytrujillo.es\/actividades\/viaje-no4-casar-de-caceres-garrovillas-de-alconetar-2\/\">\n\t\t\t\t\t\t\t<img decoding=\"async\" width=\"1024\" height=\"607\" src=\"https:\/\/tierrasdecaceresytrujillo.es\/actividades\/wp-content\/uploads\/sites\/5\/2026\/02\/IMG_VIAJE_No4_ORDEN_5-1.jpg\" class=\"elementor-animation-shrink attachment-large size-large wp-image-1562\" alt=\"\" srcset=\"https:\/\/tierrasdecaceresytrujillo.es\/actividades\/wp-content\/uploads\/sites\/5\/2026\/02\/IMG_VIAJE_No4_ORDEN_5-1.jpg 1024w, https:\/\/tierrasdecaceresytrujillo.es\/actividades\/wp-content\/uploads\/sites\/5\/2026\/02\/IMG_VIAJE_No4_ORDEN_5-1-300x178.jpg 300w, https:\/\/tierrasdecaceresytrujillo.es\/actividades\/wp-content\/uploads\/sites\/5\/2026\/02\/IMG_VIAJE_No4_ORDEN_5-1-768x455.jpg 768w\" sizes=\"(max-width: 1024px) 100vw, 1024px\" \/>\t\t\t\t\t\t\t\t<\/a>\n\t\t\t\t\t\t\t\t\t\t\t\t\t\t\t<\/div>\n\t\t\t\t<\/div>\n\t\t<div class=\"elementor-element elementor-element-d5b8670 e-con-full e-flex e-con e-child\" data-id=\"d5b8670\" data-element_type=\"container\" data-e-type=\"container\">\n\t\t\t\t<div class=\"elementor-element elementor-element-51da59c elementor-widget elementor-widget-image\" data-id=\"51da59c\" data-element_type=\"widget\" data-e-type=\"widget\" data-widget_type=\"image.default\">\n\t\t\t\t\t\t\t\t\t\t\t\t\t\t\t<img decoding=\"async\" width=\"1024\" height=\"607\" src=\"https:\/\/tierrasdecaceresytrujillo.es\/actividades\/wp-content\/uploads\/sites\/5\/2026\/02\/IMG_VIAJE_No7_ORDEN_8_Cancelado.jpg\" class=\"elementor-animation-shrink attachment-large size-large wp-image-1660\" alt=\"\" srcset=\"https:\/\/tierrasdecaceresytrujillo.es\/actividades\/wp-content\/uploads\/sites\/5\/2026\/02\/IMG_VIAJE_No7_ORDEN_8_Cancelado.jpg 1024w, https:\/\/tierrasdecaceresytrujillo.es\/actividades\/wp-content\/uploads\/sites\/5\/2026\/02\/IMG_VIAJE_No7_ORDEN_8_Cancelado-300x178.jpg 300w, https:\/\/tierrasdecaceresytrujillo.es\/actividades\/wp-content\/uploads\/sites\/5\/2026\/02\/IMG_VIAJE_No7_ORDEN_8_Cancelado-768x455.jpg 768w\" sizes=\"(max-width: 1024px) 100vw, 1024px\" \/>\t\t\t\t\t\t\t\t\t\t\t\t\t\t\t<\/div>\n\t\t\t\t<\/div>\n\t\t<div class=\"elementor-element elementor-element-12af1ac e-con-full e-flex e-con e-child\" data-id=\"12af1ac\" data-element_type=\"container\" data-e-type=\"container\">\n\t\t\t\t<div class=\"elementor-element elementor-element-dbac5e9 elementor-widget elementor-widget-image\" data-id=\"dbac5e9\" data-element_type=\"widget\" data-e-type=\"widget\" data-widget_type=\"image.default\">\n\t\t\t\t\t\t\t\t\t\t\t\t\t\t\t\t<a href=\"https:\/\/tierrasdecaceresytrujillo.es\/actividades\/viaje-no17-aliseda-los-barruecos\/\">\n\t\t\t\t\t\t\t<img loading=\"lazy\" decoding=\"async\" width=\"1024\" height=\"607\" src=\"https:\/\/tierrasdecaceresytrujillo.es\/actividades\/wp-content\/uploads\/sites\/5\/2026\/02\/IMG_VIAJE_No17_ORDEN_12-1.jpg\" class=\"elementor-animation-shrink attachment-large size-large wp-image-1564\" alt=\"\" srcset=\"https:\/\/tierrasdecaceresytrujillo.es\/actividades\/wp-content\/uploads\/sites\/5\/2026\/02\/IMG_VIAJE_No17_ORDEN_12-1.jpg 1024w, https:\/\/tierrasdecaceresytrujillo.es\/actividades\/wp-content\/uploads\/sites\/5\/2026\/02\/IMG_VIAJE_No17_ORDEN_12-1-300x178.jpg 300w, https:\/\/tierrasdecaceresytrujillo.es\/actividades\/wp-content\/uploads\/sites\/5\/2026\/02\/IMG_VIAJE_No17_ORDEN_12-1-768x455.jpg 768w\" sizes=\"(max-width: 1024px) 100vw, 1024px\" \/>\t\t\t\t\t\t\t\t<\/a>\n\t\t\t\t\t\t\t\t\t\t\t\t\t\t\t<\/div>\n\t\t\t\t<\/div>\n\t\t<div class=\"elementor-element elementor-element-f0adc37 e-con-full e-flex e-con e-child\" data-id=\"f0adc37\" data-element_type=\"container\" data-e-type=\"container\">\n\t\t\t\t<div class=\"elementor-element elementor-element-0d2bf5b elementor-widget elementor-widget-image\" data-id=\"0d2bf5b\" data-element_type=\"widget\" data-e-type=\"widget\" data-widget_type=\"image.default\">\n\t\t\t\t\t\t\t\t\t\t\t\t\t\t\t\t<a href=\"https:\/\/tierrasdecaceresytrujillo.es\/actividades\/viaje-no18-malpartida-de-caceres-arroyo-de-la-luz\/\">\n\t\t\t\t\t\t\t<img loading=\"lazy\" decoding=\"async\" width=\"1024\" height=\"607\" src=\"https:\/\/tierrasdecaceresytrujillo.es\/actividades\/wp-content\/uploads\/sites\/5\/2026\/02\/IMG_VIAJE_No18_ORDEN_14-1.jpg\" class=\"elementor-animation-shrink attachment-large size-large wp-image-1565\" alt=\"\" srcset=\"https:\/\/tierrasdecaceresytrujillo.es\/actividades\/wp-content\/uploads\/sites\/5\/2026\/02\/IMG_VIAJE_No18_ORDEN_14-1.jpg 1024w, https:\/\/tierrasdecaceresytrujillo.es\/actividades\/wp-content\/uploads\/sites\/5\/2026\/02\/IMG_VIAJE_No18_ORDEN_14-1-300x178.jpg 300w, https:\/\/tierrasdecaceresytrujillo.es\/actividades\/wp-content\/uploads\/sites\/5\/2026\/02\/IMG_VIAJE_No18_ORDEN_14-1-768x455.jpg 768w\" sizes=\"(max-width: 1024px) 100vw, 1024px\" \/>\t\t\t\t\t\t\t\t<\/a>\n\t\t\t\t\t\t\t\t\t\t\t\t\t\t\t<\/div>\n\t\t\t\t<\/div>\n\t\t<div class=\"elementor-element elementor-element-bfc9e4f e-con-full e-flex e-con e-child\" data-id=\"bfc9e4f\" data-element_type=\"container\" data-e-type=\"container\">\n\t\t\t\t<div class=\"elementor-element elementor-element-ec85b30 elementor-widget elementor-widget-image\" data-id=\"ec85b30\" data-element_type=\"widget\" data-e-type=\"widget\" data-widget_type=\"image.default\">\n\t\t\t\t\t\t\t\t\t\t\t\t\t\t\t\t<a href=\"https:\/\/tierrasdecaceresytrujillo.es\/actividades\/viaje-no2-aliseda-los-barruecos\/\">\n\t\t\t\t\t\t\t<img loading=\"lazy\" decoding=\"async\" width=\"1024\" height=\"607\" src=\"https:\/\/tierrasdecaceresytrujillo.es\/actividades\/wp-content\/uploads\/sites\/5\/2026\/02\/IMG_VIAJE_No2_ORDEN_16-1.jpg\" class=\"elementor-animation-shrink attachment-large size-large wp-image-1566\" alt=\"\" srcset=\"https:\/\/tierrasdecaceresytrujillo.es\/actividades\/wp-content\/uploads\/sites\/5\/2026\/02\/IMG_VIAJE_No2_ORDEN_16-1.jpg 1024w, https:\/\/tierrasdecaceresytrujillo.es\/actividades\/wp-content\/uploads\/sites\/5\/2026\/02\/IMG_VIAJE_No2_ORDEN_16-1-300x178.jpg 300w, https:\/\/tierrasdecaceresytrujillo.es\/actividades\/wp-content\/uploads\/sites\/5\/2026\/02\/IMG_VIAJE_No2_ORDEN_16-1-768x455.jpg 768w\" sizes=\"(max-width: 1024px) 100vw, 1024px\" \/>\t\t\t\t\t\t\t\t<\/a>\n\t\t\t\t\t\t\t\t\t\t\t\t\t\t\t<\/div>\n\t\t\t\t<\/div>\n\t\t\t\t\t<\/div>\n\t\t\t\t<\/div>\n\t\t<div class=\"elementor-element elementor-element-79379d2 e-grid e-con-boxed e-con e-parent\" data-id=\"79379d2\" data-element_type=\"container\" data-e-type=\"container\">\n\t\t\t\t\t<div class=\"e-con-inner\">\n\t\t\t\t<div class=\"elementor-element elementor-element-d635323 elementor-widget elementor-widget-image\" data-id=\"d635323\" data-element_type=\"widget\" data-e-type=\"widget\" data-widget_type=\"image.default\">\n\t\t\t\t\t\t\t\t\t\t\t\t\t\t\t\t<a href=\"https:\/\/tierrasdecaceresytrujillo.es\/actividades\/viaje-no7-casar-de-caceres-garrovillas-de-alconetar\/\">\n\t\t\t\t\t\t\t<img loading=\"lazy\" decoding=\"async\" width=\"1024\" height=\"607\" src=\"https:\/\/tierrasdecaceresytrujillo.es\/actividades\/wp-content\/uploads\/sites\/5\/2026\/02\/IMG_VIAJE_No7_nueva_fecha.jpg\" class=\"elementor-animation-shrink attachment-large size-large wp-image-1663\" alt=\"\" srcset=\"https:\/\/tierrasdecaceresytrujillo.es\/actividades\/wp-content\/uploads\/sites\/5\/2026\/02\/IMG_VIAJE_No7_nueva_fecha.jpg 1024w, https:\/\/tierrasdecaceresytrujillo.es\/actividades\/wp-content\/uploads\/sites\/5\/2026\/02\/IMG_VIAJE_No7_nueva_fecha-300x178.jpg 300w, https:\/\/tierrasdecaceresytrujillo.es\/actividades\/wp-content\/uploads\/sites\/5\/2026\/02\/IMG_VIAJE_No7_nueva_fecha-768x455.jpg 768w\" sizes=\"(max-width: 1024px) 100vw, 1024px\" \/>\t\t\t\t\t\t\t\t<\/a>\n\t\t\t\t\t\t\t\t\t\t\t\t\t\t\t<\/div>\n\t\t\t\t\t<\/div>\n\t\t\t\t<\/div>\n\t\t\t\t<\/div>\n\t\t","protected":false},"excerpt":{"rendered":"<p>COMARCA TAJO &#8211; SALOR &#8211; ALMONTE \u00abTierra de Sabores y Paisajes \u00fanicos La comarca Tajo-Salor-Almonte es un destino clave del [&hellip;]<\/p>\n","protected":false},"author":3,"featured_media":0,"parent":0,"menu_order":0,"comment_status":"closed","ping_status":"closed","template":"elementor_header_footer","meta":{"site-sidebar-layout":"no-sidebar","site-content-layout":"","ast-site-content-layout":"full-width-container","site-content-style":"default","site-sidebar-style":"default","ast-global-header-display":"","ast-banner-title-visibility":"","ast-main-header-display":"","ast-hfb-above-header-display":"","ast-hfb-below-header-display":"","ast-hfb-mobile-header-display":"","site-post-title":"","ast-breadcrumbs-content":"","ast-featured-img":"disabled","footer-sml-layout":"","ast-disable-related-posts":"","theme-transparent-header-meta":"","adv-header-id-meta":"","stick-header-meta":"","header-above-stick-meta":"","header-main-stick-meta":"","header-below-stick-meta":"","astra-migrate-meta-layouts":"default","ast-page-background-enabled":"default","ast-page-background-meta":{"desktop":{"background-color":"var(--ast-global-color-5)","background-image":"","background-repeat":"repeat","background-position":"center center","background-size":"auto","background-attachment":"scroll","background-type":"","background-media":"","overlay-type":"","overlay-color":"","overlay-opacity":"","overlay-gradient":""},"tablet":{"background-color":"","background-image":"","background-repeat":"repeat","background-position":"center center","background-size":"auto","background-attachment":"scroll","background-type":"","background-media":"","overlay-type":"","overlay-color":"","overlay-opacity":"","overlay-gradient":""},"mobile":{"background-color":"","background-image":"","background-repeat":"repeat","background-position":"center center","background-size":"auto","background-attachment":"scroll","background-type":"","background-media":"","overlay-type":"","overlay-color":"","overlay-opacity":"","overlay-gradient":""}},"ast-content-background-meta":{"desktop":{"background-color":"var(--ast-global-color-4)","background-image":"","background-repeat":"repeat","background-position":"center center","background-size":"auto","background-attachment":"scroll","background-type":"","background-media":"","overlay-type":"","overlay-color":"","overlay-opacity":"","overlay-gradient":""},"tablet":{"background-color":"var(--ast-global-color-4)","background-image":"","background-repeat":"repeat","background-position":"center center","background-size":"auto","background-attachment":"scroll","background-type":"","background-media":"","overlay-type":"","overlay-color":"","overlay-opacity":"","overlay-gradient":""},"mobile":{"background-color":"var(--ast-global-color-4)","background-image":"","background-repeat":"repeat","background-position":"center center","background-size":"auto","background-attachment":"scroll","background-type":"","background-media":"","overlay-type":"","overlay-color":"","overlay-opacity":"","overlay-gradient":""}},"footnotes":""},"class_list":["post-121","page","type-page","status-publish","hentry"],"_links":{"self":[{"href":"https:\/\/tierrasdecaceresytrujillo.es\/actividades\/wp-json\/wp\/v2\/pages\/121","targetHints":{"allow":["GET"]}}],"collection":[{"href":"https:\/\/tierrasdecaceresytrujillo.es\/actividades\/wp-json\/wp\/v2\/pages"}],"about":[{"href":"https:\/\/tierrasdecaceresytrujillo.es\/actividades\/wp-json\/wp\/v2\/types\/page"}],"author":[{"embeddable":true,"href":"https:\/\/tierrasdecaceresytrujillo.es\/actividades\/wp-json\/wp\/v2\/users\/3"}],"replies":[{"embeddable":true,"href":"https:\/\/tierrasdecaceresytrujillo.es\/actividades\/wp-json\/wp\/v2\/comments?post=121"}],"version-history":[{"count":37,"href":"https:\/\/tierrasdecaceresytrujillo.es\/actividades\/wp-json\/wp\/v2\/pages\/121\/revisions"}],"predecessor-version":[{"id":1688,"href":"https:\/\/tierrasdecaceresytrujillo.es\/actividades\/wp-json\/wp\/v2\/pages\/121\/revisions\/1688"}],"wp:attachment":[{"href":"https:\/\/tierrasdecaceresytrujillo.es\/actividades\/wp-json\/wp\/v2\/media?parent=121"}],"curies":[{"name":"wp","href":"https:\/\/api.w.org\/{rel}","templated":true}]}}