{"id":556,"date":"2026-01-20T13:26:05","date_gmt":"2026-01-20T12:26:05","guid":{"rendered":"https:\/\/tierrasdecaceresytrujillo.es\/actividades\/?page_id=556"},"modified":"2026-02-13T12:00:41","modified_gmt":"2026-02-13T11:00:41","slug":"viaje-no11-torrequemada-alcuescar","status":"publish","type":"page","link":"https:\/\/tierrasdecaceresytrujillo.es\/actividades\/viaje-no11-torrequemada-alcuescar\/","title":{"rendered":"VIAJE N\u00ba11. TORREQUEMADA &#8211; ALCUESCAR"},"content":{"rendered":"\t\t<div data-elementor-type=\"wp-page\" data-elementor-id=\"556\" class=\"elementor elementor-556\">\n\t\t\t\t<div class=\"elementor-element elementor-element-c6dedec e-flex e-con-boxed e-con e-parent\" data-id=\"c6dedec\" data-element_type=\"container\" data-e-type=\"container\" data-settings=\"{&quot;background_background&quot;:&quot;classic&quot;}\">\n\t\t\t\t\t<div class=\"e-con-inner\">\n\t\t<div class=\"elementor-element elementor-element-7dd6bcf e-con-full e-flex e-con e-child\" data-id=\"7dd6bcf\" data-element_type=\"container\" data-e-type=\"container\">\n\t\t\t\t<div class=\"elementor-element elementor-element-a0614fc elementor-widget elementor-widget-heading\" data-id=\"a0614fc\" data-element_type=\"widget\" data-e-type=\"widget\" data-widget_type=\"heading.default\">\n\t\t\t\t\t<h6 class=\"elementor-heading-title elementor-size-default\">COMARCA MONT\u00c1CHEZ - TAMUJA<\/h6>\t\t\t\t<\/div>\n\t\t\t\t<div class=\"elementor-element elementor-element-2c46a8b elementor-widget elementor-widget-heading\" data-id=\"2c46a8b\" data-element_type=\"widget\" data-e-type=\"widget\" data-widget_type=\"heading.default\">\n\t\t\t\t\t<h1 class=\"elementor-heading-title elementor-size-default\">RUTA TORREQUEMADA - ALCU\u00c9SCAR<\/h1>\t\t\t\t<\/div>\n\t\t\t\t<div class=\"elementor-element elementor-element-2e839c8 elementor-widget elementor-widget-text-editor\" data-id=\"2e839c8\" data-element_type=\"widget\" data-e-type=\"widget\" data-widget_type=\"text-editor.default\">\n\t\t\t\t\t\t\t\t\t<p><strong>Fecha:<\/strong> 18 de febrero de 2026<\/p><p><strong>Puntos de salida:<\/strong> Trujillo<\/p>\t\t\t\t\t\t\t\t<\/div>\n\t\t\t\t<div class=\"elementor-element elementor-element-9d1fcde elementor-widget elementor-widget-text-editor\" data-id=\"9d1fcde\" data-element_type=\"widget\" data-e-type=\"widget\" data-widget_type=\"text-editor.default\">\n\t\t\t\t\t\t\t\t\t<p><strong>Descripci\u00f3n:<\/strong> Una experiencia que combina naturaleza, tradici\u00f3n y uno de los conjuntos patrimoniales m\u00e1s singulares de Extremadura. La ruta comienza en Torrequemada con una agradable ruta senderista circular hasta la Ermita del Salor, recorriendo las hist\u00f3ricas Corral\u00e1s, declaradas Bien de Inter\u00e9s Cultural. Tras el almuerzo, nos desplazamos a Alcu\u00e9scar para descubrir su casco hist\u00f3rico y visitar la iglesia de la Asunci\u00f3n y la Bas\u00edlica de Santa Luc\u00eda del Trampal, \u00fanico templo visigodo conservado en el sur de la pen\u00ednsula. Una jornada que une paisaje, historia y espiritualidad.<\/p>\t\t\t\t\t\t\t\t<\/div>\n\t\t\t\t<div class=\"elementor-element elementor-element-25523e3 elementor-widget elementor-widget-text-editor\" data-id=\"25523e3\" data-element_type=\"widget\" data-e-type=\"widget\" data-widget_type=\"text-editor.default\">\n\t\t\t\t\t\t\t\t\t<p><strong>Dirigido a:<\/strong> Esta actividad est\u00e1 indicada para todas las edades.<\/p>\t\t\t\t\t\t\t\t<\/div>\n\t\t<div class=\"elementor-element elementor-element-7d736f8 e-grid e-con-full e-con e-child\" data-id=\"7d736f8\" data-element_type=\"container\" data-e-type=\"container\">\n\t\t\t\t<div class=\"elementor-element elementor-element-5cf8e02 elementor-widget elementor-widget-button\" data-id=\"5cf8e02\" data-element_type=\"widget\" data-e-type=\"widget\" data-widget_type=\"button.default\">\n\t\t\t\t\t\t\t\t\t\t<a class=\"elementor-button elementor-button-link elementor-size-sm\" href=\"https:\/\/drive.google.com\/file\/d\/1-0LgMfMauhH21ht37gZQ7CCJWRtIuTeq\/view?usp=sharing\" target=\"_blank\">\n\t\t\t\t\t\t<span class=\"elementor-button-content-wrapper\">\n\t\t\t\t\t\t\t\t\t<span class=\"elementor-button-text\">VER ITIERARIO<\/span>\n\t\t\t\t\t<\/span>\n\t\t\t\t\t<\/a>\n\t\t\t\t\t\t\t\t<\/div>\n\t\t\t\t<div class=\"elementor-element elementor-element-e0b8fc9 elementor-widget elementor-widget-button\" data-id=\"e0b8fc9\" data-element_type=\"widget\" data-e-type=\"widget\" data-widget_type=\"button.default\">\n\t\t\t\t\t\t\t\t\t\t<a class=\"elementor-button elementor-button-link elementor-size-sm\" href=\"https:\/\/forms.gle\/cacaSwaqsPBjyiXA8\" target=\"_blank\">\n\t\t\t\t\t\t<span class=\"elementor-button-content-wrapper\">\n\t\t\t\t\t\t\t\t\t<span class=\"elementor-button-text\">INSCRIBIRSE<\/span>\n\t\t\t\t\t<\/span>\n\t\t\t\t\t<\/a>\n\t\t\t\t\t\t\t\t<\/div>\n\t\t\t\t<\/div>\n\t\t\t\t<div class=\"elementor-element elementor-element-aa6a425 elementor-widget elementor-widget-text-editor\" data-id=\"aa6a425\" data-element_type=\"widget\" data-e-type=\"widget\" data-widget_type=\"text-editor.default\">\n\t\t\t\t\t\t\t\t\t<p><strong>Recomendaciones:<\/strong> Se recomienda utilizar calzado y ropa c\u00f3moda, as\u00ed como, llevar una mochila con agua, frutos secos y\/o barritas energ\u00e9ticas, etc&#8230;<\/p>\t\t\t\t\t\t\t\t<\/div>\n\t\t\t\t<\/div>\n\t\t<div class=\"elementor-element elementor-element-b1ddb21 e-con-full e-flex e-con e-child\" data-id=\"b1ddb21\" data-element_type=\"container\" data-e-type=\"container\">\n\t\t\t\t<div class=\"elementor-element elementor-element-c0d1eba elementor-widget elementor-widget-image\" data-id=\"c0d1eba\" data-element_type=\"widget\" data-e-type=\"widget\" data-widget_type=\"image.default\">\n\t\t\t\t\t\t\t\t\t\t\t\t\t\t\t<img fetchpriority=\"high\" decoding=\"async\" width=\"1024\" height=\"737\" src=\"https:\/\/tierrasdecaceresytrujillo.es\/actividades\/wp-content\/uploads\/sites\/5\/2026\/01\/IMG_PRODUCTO_WEB_RUTA_3_COMARCA_MONTANCHEZ_TAMUJA_Mesa-de-trabajo-1-1024x737.png\" class=\"attachment-large size-large wp-image-698\" alt=\"Ruta N\u00ba3. Torrequemada - Alcuescar. Comarca Montanchez - Tamuja\" srcset=\"https:\/\/tierrasdecaceresytrujillo.es\/actividades\/wp-content\/uploads\/sites\/5\/2026\/01\/IMG_PRODUCTO_WEB_RUTA_3_COMARCA_MONTANCHEZ_TAMUJA_Mesa-de-trabajo-1-1024x737.png 1024w, https:\/\/tierrasdecaceresytrujillo.es\/actividades\/wp-content\/uploads\/sites\/5\/2026\/01\/IMG_PRODUCTO_WEB_RUTA_3_COMARCA_MONTANCHEZ_TAMUJA_Mesa-de-trabajo-1-300x216.png 300w, https:\/\/tierrasdecaceresytrujillo.es\/actividades\/wp-content\/uploads\/sites\/5\/2026\/01\/IMG_PRODUCTO_WEB_RUTA_3_COMARCA_MONTANCHEZ_TAMUJA_Mesa-de-trabajo-1-768x553.png 768w, https:\/\/tierrasdecaceresytrujillo.es\/actividades\/wp-content\/uploads\/sites\/5\/2026\/01\/IMG_PRODUCTO_WEB_RUTA_3_COMARCA_MONTANCHEZ_TAMUJA_Mesa-de-trabajo-1-1536x1105.png 1536w, https:\/\/tierrasdecaceresytrujillo.es\/actividades\/wp-content\/uploads\/sites\/5\/2026\/01\/IMG_PRODUCTO_WEB_RUTA_3_COMARCA_MONTANCHEZ_TAMUJA_Mesa-de-trabajo-1-2048x1474.png 2048w\" sizes=\"(max-width: 1024px) 100vw, 1024px\" \/>\t\t\t\t\t\t\t\t\t\t\t\t\t\t\t<\/div>\n\t\t\t\t<\/div>\n\t\t\t\t\t<\/div>\n\t\t\t\t<\/div>\n\t\t\t\t<\/div>\n\t\t","protected":false},"excerpt":{"rendered":"<p>COMARCA MONT\u00c1CHEZ &#8211; TAMUJA RUTA TORREQUEMADA &#8211; ALCU\u00c9SCAR Fecha: 18 de febrero de 2026 Puntos de salida: Trujillo Descripci\u00f3n: Una [&hellip;]<\/p>\n","protected":false},"author":3,"featured_media":0,"parent":0,"menu_order":0,"comment_status":"closed","ping_status":"closed","template":"elementor_header_footer","meta":{"site-sidebar-layout":"no-sidebar","site-content-layout":"","ast-site-content-layout":"full-width-container","site-content-style":"default","site-sidebar-style":"default","ast-global-header-display":"","ast-banner-title-visibility":"","ast-main-header-display":"","ast-hfb-above-header-display":"","ast-hfb-below-header-display":"","ast-hfb-mobile-header-display":"","site-post-title":"","ast-breadcrumbs-content":"","ast-featured-img":"disabled","footer-sml-layout":"","ast-disable-related-posts":"","theme-transparent-header-meta":"","adv-header-id-meta":"","stick-header-meta":"","header-above-stick-meta":"","header-main-stick-meta":"","header-below-stick-meta":"","astra-migrate-meta-layouts":"default","ast-page-background-enabled":"default","ast-page-background-meta":{"desktop":{"background-color":"var(--ast-global-color-5)","background-image":"","background-repeat":"repeat","background-position":"center center","background-size":"auto","background-attachment":"scroll","background-type":"","background-media":"","overlay-type":"","overlay-color":"","overlay-opacity":"","overlay-gradient":""},"tablet":{"background-color":"","background-image":"","background-repeat":"repeat","background-position":"center center","background-size":"auto","background-attachment":"scroll","background-type":"","background-media":"","overlay-type":"","overlay-color":"","overlay-opacity":"","overlay-gradient":""},"mobile":{"background-color":"","background-image":"","background-repeat":"repeat","background-position":"center center","background-size":"auto","background-attachment":"scroll","background-type":"","background-media":"","overlay-type":"","overlay-color":"","overlay-opacity":"","overlay-gradient":""}},"ast-content-background-meta":{"desktop":{"background-color":"var(--ast-global-color-4)","background-image":"","background-repeat":"repeat","background-position":"center center","background-size":"auto","background-attachment":"scroll","background-type":"","background-media":"","overlay-type":"","overlay-color":"","overlay-opacity":"","overlay-gradient":""},"tablet":{"background-color":"var(--ast-global-color-4)","background-image":"","background-repeat":"repeat","background-position":"center center","background-size":"auto","background-attachment":"scroll","background-type":"","background-media":"","overlay-type":"","overlay-color":"","overlay-opacity":"","overlay-gradient":""},"mobile":{"background-color":"var(--ast-global-color-4)","background-image":"","background-repeat":"repeat","background-position":"center center","background-size":"auto","background-attachment":"scroll","background-type":"","background-media":"","overlay-type":"","overlay-color":"","overlay-opacity":"","overlay-gradient":""}},"footnotes":""},"class_list":["post-556","page","type-page","status-publish","hentry"],"_links":{"self":[{"href":"https:\/\/tierrasdecaceresytrujillo.es\/actividades\/wp-json\/wp\/v2\/pages\/556","targetHints":{"allow":["GET"]}}],"collection":[{"href":"https:\/\/tierrasdecaceresytrujillo.es\/actividades\/wp-json\/wp\/v2\/pages"}],"about":[{"href":"https:\/\/tierrasdecaceresytrujillo.es\/actividades\/wp-json\/wp\/v2\/types\/page"}],"author":[{"embeddable":true,"href":"https:\/\/tierrasdecaceresytrujillo.es\/actividades\/wp-json\/wp\/v2\/users\/3"}],"replies":[{"embeddable":true,"href":"https:\/\/tierrasdecaceresytrujillo.es\/actividades\/wp-json\/wp\/v2\/comments?post=556"}],"version-history":[{"count":56,"href":"https:\/\/tierrasdecaceresytrujillo.es\/actividades\/wp-json\/wp\/v2\/pages\/556\/revisions"}],"predecessor-version":[{"id":1621,"href":"https:\/\/tierrasdecaceresytrujillo.es\/actividades\/wp-json\/wp\/v2\/pages\/556\/revisions\/1621"}],"wp:attachment":[{"href":"https:\/\/tierrasdecaceresytrujillo.es\/actividades\/wp-json\/wp\/v2\/media?parent=556"}],"curies":[{"name":"wp","href":"https:\/\/api.w.org\/{rel}","templated":true}]}}