{"id":660,"date":"2026-01-20T16:52:51","date_gmt":"2026-01-20T15:52:51","guid":{"rendered":"https:\/\/tierrasdecaceresytrujillo.es\/actividades\/?page_id=660"},"modified":"2026-02-20T19:02:32","modified_gmt":"2026-02-20T18:02:32","slug":"viaje-no16-santa-cruz-de-la-sierra-trujillo","status":"publish","type":"page","link":"https:\/\/tierrasdecaceresytrujillo.es\/actividades\/viaje-no16-santa-cruz-de-la-sierra-trujillo\/","title":{"rendered":"VIAJE N\u00ba16. SANTA CRUZ DE LA SIERRA &#8211; TRUJILLO"},"content":{"rendered":"\t\t<div data-elementor-type=\"wp-page\" data-elementor-id=\"660\" class=\"elementor elementor-660\">\n\t\t\t\t<div class=\"elementor-element elementor-element-ef893b8 e-flex e-con-boxed e-con e-parent\" data-id=\"ef893b8\" data-element_type=\"container\" data-e-type=\"container\" data-settings=\"{&quot;background_background&quot;:&quot;classic&quot;}\">\n\t\t\t\t\t<div class=\"e-con-inner\">\n\t\t<div class=\"elementor-element elementor-element-615b157 e-con-full e-flex e-con e-child\" data-id=\"615b157\" data-element_type=\"container\" data-e-type=\"container\">\n\t\t\t\t<div class=\"elementor-element elementor-element-d1cd6a1 elementor-widget elementor-widget-heading\" data-id=\"d1cd6a1\" data-element_type=\"widget\" data-e-type=\"widget\" data-widget_type=\"heading.default\">\n\t\t\t\t\t<h6 class=\"elementor-heading-title elementor-size-default\">COMARCA MIAJADAS - TRUJILLO<\/h6>\t\t\t\t<\/div>\n\t\t\t\t<div class=\"elementor-element elementor-element-265c2b8 elementor-widget elementor-widget-heading\" data-id=\"265c2b8\" data-element_type=\"widget\" data-e-type=\"widget\" data-widget_type=\"heading.default\">\n\t\t\t\t\t<h1 class=\"elementor-heading-title elementor-size-default\">RUTA SANTA CRUZ DE LA SIERRA - TRUJILLO<\/h1>\t\t\t\t<\/div>\n\t\t\t\t<div class=\"elementor-element elementor-element-9eab769 elementor-widget elementor-widget-text-editor\" data-id=\"9eab769\" data-element_type=\"widget\" data-e-type=\"widget\" data-widget_type=\"text-editor.default\">\n\t\t\t\t\t\t\t\t\t<p><strong>Fecha:<\/strong> 23 de febrero de 2026<\/p><p><strong>Puntos de salida:<\/strong> Salamanca, Plasencia, C\u00e1ceres y Trujillo<\/p>\t\t\t\t\t\t\t\t<\/div>\n\t\t\t\t<div class=\"elementor-element elementor-element-ab26c3a elementor-widget elementor-widget-text-editor\" data-id=\"ab26c3a\" data-element_type=\"widget\" data-e-type=\"widget\" data-widget_type=\"text-editor.default\">\n\t\t\t\t\t\t\t\t\t<p><strong>Descripci\u00f3n:<\/strong> Descubre una atractiva escapada al coraz\u00f3n de Extremadura, combinando tradici\u00f3n, sabor e historia. La ruta comienza en Santa Cruz de la Sierra con una visita guiada y visita al centro de interpretaci\u00f3n. Tras un delicioso almuerzo, el viaje contin\u00faa hasta la monumental Trujillo, cuna de conquistadores. All\u00ed conocer\u00e1s el Centro de Interpretaci\u00f3n de los Descubridores, ubicado en un enclave hist\u00f3rico \u00fanico. Una experiencia completa para saborear, aprender y disfrutar.<\/p>\t\t\t\t\t\t\t\t<\/div>\n\t\t\t\t<div class=\"elementor-element elementor-element-b3c3824 elementor-widget elementor-widget-text-editor\" data-id=\"b3c3824\" data-element_type=\"widget\" data-e-type=\"widget\" data-widget_type=\"text-editor.default\">\n\t\t\t\t\t\t\t\t\t<p><strong>Dirigido a:<\/strong> Esta actividad est\u00e1 indicada para todas las edades.<\/p>\t\t\t\t\t\t\t\t<\/div>\n\t\t<div class=\"elementor-element elementor-element-160d0a2 e-grid e-con-full e-con e-child\" data-id=\"160d0a2\" data-element_type=\"container\" data-e-type=\"container\">\n\t\t\t\t<div class=\"elementor-element elementor-element-c004b14 elementor-widget elementor-widget-button\" data-id=\"c004b14\" data-element_type=\"widget\" data-e-type=\"widget\" data-widget_type=\"button.default\">\n\t\t\t\t\t\t\t\t\t\t<a class=\"elementor-button elementor-button-link elementor-size-sm\" href=\"https:\/\/drive.google.com\/file\/d\/1N0F6-ov_Adl65uphri9TkrxHoxSpJbGI\/view?usp=sharing\" target=\"_blank\">\n\t\t\t\t\t\t<span class=\"elementor-button-content-wrapper\">\n\t\t\t\t\t\t\t\t\t<span class=\"elementor-button-text\">VER ITINERARIO<\/span>\n\t\t\t\t\t<\/span>\n\t\t\t\t\t<\/a>\n\t\t\t\t\t\t\t\t<\/div>\n\t\t\t\t<div class=\"elementor-element elementor-element-0ffa6fe elementor-widget elementor-widget-button\" data-id=\"0ffa6fe\" data-element_type=\"widget\" data-e-type=\"widget\" data-widget_type=\"button.default\">\n\t\t\t\t\t\t\t\t\t\t<a class=\"elementor-button elementor-button-link elementor-size-sm\" href=\"https:\/\/forms.gle\/ZpkF7aGPHvmBzMVR8\" target=\"_blank\">\n\t\t\t\t\t\t<span class=\"elementor-button-content-wrapper\">\n\t\t\t\t\t\t\t\t\t<span class=\"elementor-button-text\">INSCRIBIRSE<\/span>\n\t\t\t\t\t<\/span>\n\t\t\t\t\t<\/a>\n\t\t\t\t\t\t\t\t<\/div>\n\t\t\t\t<\/div>\n\t\t\t\t<div class=\"elementor-element elementor-element-3c89cdf elementor-widget elementor-widget-text-editor\" data-id=\"3c89cdf\" data-element_type=\"widget\" data-e-type=\"widget\" data-widget_type=\"text-editor.default\">\n\t\t\t\t\t\t\t\t\t<p><strong>Recomendaciones:<\/strong> Se recomienda utilizar calzado y ropa c\u00f3moda, as\u00ed como, llevar una mochila con agua, frutos secos y\/o barritas energ\u00e9ticas, etc&#8230;<\/p>\t\t\t\t\t\t\t\t<\/div>\n\t\t\t\t<\/div>\n\t\t<div class=\"elementor-element elementor-element-cb531e8 e-con-full e-flex e-con e-child\" data-id=\"cb531e8\" data-element_type=\"container\" data-e-type=\"container\">\n\t\t\t\t<div class=\"elementor-element elementor-element-fd8c1d2 elementor-widget elementor-widget-image\" data-id=\"fd8c1d2\" data-element_type=\"widget\" data-e-type=\"widget\" data-widget_type=\"image.default\">\n\t\t\t\t\t\t\t\t\t\t\t\t\t\t\t<img fetchpriority=\"high\" decoding=\"async\" width=\"1920\" height=\"1382\" src=\"https:\/\/tierrasdecaceresytrujillo.es\/actividades\/wp-content\/uploads\/sites\/5\/2026\/02\/IMG_PRODUCTO_WEB_RUTA_1_COMARCA_MIAJADAS_TRUJILLO_Mesa-de-trabajo-1.webp\" class=\"attachment-full size-full wp-image-1446\" alt=\"\" srcset=\"https:\/\/tierrasdecaceresytrujillo.es\/actividades\/wp-content\/uploads\/sites\/5\/2026\/02\/IMG_PRODUCTO_WEB_RUTA_1_COMARCA_MIAJADAS_TRUJILLO_Mesa-de-trabajo-1.webp 1920w, https:\/\/tierrasdecaceresytrujillo.es\/actividades\/wp-content\/uploads\/sites\/5\/2026\/02\/IMG_PRODUCTO_WEB_RUTA_1_COMARCA_MIAJADAS_TRUJILLO_Mesa-de-trabajo-1-300x216.webp 300w, https:\/\/tierrasdecaceresytrujillo.es\/actividades\/wp-content\/uploads\/sites\/5\/2026\/02\/IMG_PRODUCTO_WEB_RUTA_1_COMARCA_MIAJADAS_TRUJILLO_Mesa-de-trabajo-1-1024x737.webp 1024w, https:\/\/tierrasdecaceresytrujillo.es\/actividades\/wp-content\/uploads\/sites\/5\/2026\/02\/IMG_PRODUCTO_WEB_RUTA_1_COMARCA_MIAJADAS_TRUJILLO_Mesa-de-trabajo-1-768x553.webp 768w, https:\/\/tierrasdecaceresytrujillo.es\/actividades\/wp-content\/uploads\/sites\/5\/2026\/02\/IMG_PRODUCTO_WEB_RUTA_1_COMARCA_MIAJADAS_TRUJILLO_Mesa-de-trabajo-1-1536x1105.webp 1536w\" sizes=\"(max-width: 1920px) 100vw, 1920px\" \/>\t\t\t\t\t\t\t\t\t\t\t\t\t\t\t<\/div>\n\t\t\t\t<\/div>\n\t\t\t\t\t<\/div>\n\t\t\t\t<\/div>\n\t\t\t\t<\/div>\n\t\t","protected":false},"excerpt":{"rendered":"<p>COMARCA MIAJADAS &#8211; TRUJILLO RUTA SANTA CRUZ DE LA SIERRA &#8211; TRUJILLO Fecha: 23 de febrero de 2026 Puntos de [&hellip;]<\/p>\n","protected":false},"author":3,"featured_media":0,"parent":0,"menu_order":0,"comment_status":"closed","ping_status":"closed","template":"elementor_header_footer","meta":{"site-sidebar-layout":"no-sidebar","site-content-layout":"","ast-site-content-layout":"full-width-container","site-content-style":"default","site-sidebar-style":"default","ast-global-header-display":"","ast-banner-title-visibility":"","ast-main-header-display":"","ast-hfb-above-header-display":"","ast-hfb-below-header-display":"","ast-hfb-mobile-header-display":"","site-post-title":"","ast-breadcrumbs-content":"","ast-featured-img":"disabled","footer-sml-layout":"","ast-disable-related-posts":"","theme-transparent-header-meta":"","adv-header-id-meta":"","stick-header-meta":"","header-above-stick-meta":"","header-main-stick-meta":"","header-below-stick-meta":"","astra-migrate-meta-layouts":"default","ast-page-background-enabled":"default","ast-page-background-meta":{"desktop":{"background-color":"var(--ast-global-color-5)","background-image":"","background-repeat":"repeat","background-position":"center center","background-size":"auto","background-attachment":"scroll","background-type":"","background-media":"","overlay-type":"","overlay-color":"","overlay-opacity":"","overlay-gradient":""},"tablet":{"background-color":"","background-image":"","background-repeat":"repeat","background-position":"center center","background-size":"auto","background-attachment":"scroll","background-type":"","background-media":"","overlay-type":"","overlay-color":"","overlay-opacity":"","overlay-gradient":""},"mobile":{"background-color":"","background-image":"","background-repeat":"repeat","background-position":"center center","background-size":"auto","background-attachment":"scroll","background-type":"","background-media":"","overlay-type":"","overlay-color":"","overlay-opacity":"","overlay-gradient":""}},"ast-content-background-meta":{"desktop":{"background-color":"var(--ast-global-color-4)","background-image":"","background-repeat":"repeat","background-position":"center center","background-size":"auto","background-attachment":"scroll","background-type":"","background-media":"","overlay-type":"","overlay-color":"","overlay-opacity":"","overlay-gradient":""},"tablet":{"background-color":"var(--ast-global-color-4)","background-image":"","background-repeat":"repeat","background-position":"center center","background-size":"auto","background-attachment":"scroll","background-type":"","background-media":"","overlay-type":"","overlay-color":"","overlay-opacity":"","overlay-gradient":""},"mobile":{"background-color":"var(--ast-global-color-4)","background-image":"","background-repeat":"repeat","background-position":"center center","background-size":"auto","background-attachment":"scroll","background-type":"","background-media":"","overlay-type":"","overlay-color":"","overlay-opacity":"","overlay-gradient":""}},"footnotes":""},"class_list":["post-660","page","type-page","status-publish","hentry"],"_links":{"self":[{"href":"https:\/\/tierrasdecaceresytrujillo.es\/actividades\/wp-json\/wp\/v2\/pages\/660","targetHints":{"allow":["GET"]}}],"collection":[{"href":"https:\/\/tierrasdecaceresytrujillo.es\/actividades\/wp-json\/wp\/v2\/pages"}],"about":[{"href":"https:\/\/tierrasdecaceresytrujillo.es\/actividades\/wp-json\/wp\/v2\/types\/page"}],"author":[{"embeddable":true,"href":"https:\/\/tierrasdecaceresytrujillo.es\/actividades\/wp-json\/wp\/v2\/users\/3"}],"replies":[{"embeddable":true,"href":"https:\/\/tierrasdecaceresytrujillo.es\/actividades\/wp-json\/wp\/v2\/comments?post=660"}],"version-history":[{"count":72,"href":"https:\/\/tierrasdecaceresytrujillo.es\/actividades\/wp-json\/wp\/v2\/pages\/660\/revisions"}],"predecessor-version":[{"id":1701,"href":"https:\/\/tierrasdecaceresytrujillo.es\/actividades\/wp-json\/wp\/v2\/pages\/660\/revisions\/1701"}],"wp:attachment":[{"href":"https:\/\/tierrasdecaceresytrujillo.es\/actividades\/wp-json\/wp\/v2\/media?parent=660"}],"curies":[{"name":"wp","href":"https:\/\/api.w.org\/{rel}","templated":true}]}}