{"id":68,"date":"2026-01-14T18:31:29","date_gmt":"2026-01-14T17:31:29","guid":{"rendered":"https:\/\/tierrasdecaceresytrujillo.es\/actividades\/?page_id=68"},"modified":"2026-02-12T10:56:08","modified_gmt":"2026-02-12T09:56:08","slug":"comarca-montanchez-tamuja","status":"publish","type":"page","link":"https:\/\/tierrasdecaceresytrujillo.es\/actividades\/comarca-montanchez-tamuja\/","title":{"rendered":"COMARCA MONTANCHEZ &#8211; TAMUJA"},"content":{"rendered":"\t\t<div data-elementor-type=\"wp-page\" data-elementor-id=\"68\" class=\"elementor elementor-68\">\n\t\t\t\t<div class=\"elementor-element elementor-element-b472392 e-flex e-con-boxed e-con e-parent\" data-id=\"b472392\" data-element_type=\"container\" data-e-type=\"container\" data-settings=\"{&quot;background_background&quot;:&quot;slideshow&quot;,&quot;background_slideshow_gallery&quot;:[],&quot;background_slideshow_slide_duration&quot;:5000,&quot;background_slideshow_slide_transition&quot;:&quot;fade&quot;,&quot;background_slideshow_transition_duration&quot;:500}\">\n\t\t\t\t\t<div class=\"e-con-inner\">\n\t\t\t\t<div class=\"elementor-element elementor-element-0de4843 elementor-widget elementor-widget-heading\" data-id=\"0de4843\" data-element_type=\"widget\" data-e-type=\"widget\" data-widget_type=\"heading.default\">\n\t\t\t\t\t<h1 class=\"elementor-heading-title elementor-size-default\">COMARCA MONT\u00c1NCHEZ - TAMUJA<\/h1>\t\t\t\t<\/div>\n\t\t\t\t<div class=\"elementor-element elementor-element-26b95f4 elementor-widget elementor-widget-heading\" data-id=\"26b95f4\" data-element_type=\"widget\" data-e-type=\"widget\" data-widget_type=\"heading.default\">\n\t\t\t\t\t<h2 class=\"elementor-heading-title elementor-size-default\">\"Tierra de Sabores, Historia y Naturaleza\"<\/h2>\t\t\t\t<\/div>\n\t\t\t\t\t<\/div>\n\t\t\t\t<\/div>\n\t\t<div class=\"elementor-element elementor-element-59cca0b e-flex e-con-boxed e-con e-parent\" data-id=\"59cca0b\" data-element_type=\"container\" data-e-type=\"container\">\n\t\t\t\t\t<div class=\"e-con-inner\">\n\t\t\t\t<div class=\"elementor-element elementor-element-a546a2c elementor-widget elementor-widget-text-editor\" data-id=\"a546a2c\" data-element_type=\"widget\" data-e-type=\"widget\" data-widget_type=\"text-editor.default\">\n\t\t\t\t\t\t\t\t\t<p style=\"text-align: center;\">La <strong>comarca Mont\u00e1nchez \u2013 Tamuja<\/strong> invita a descubrir la esencia m\u00e1s aut\u00e9ntica de Extremadura a trav\u00e9s de su gastronom\u00eda, historia y paisajes de dehesa. Mont\u00e1nchez, dominado por su castillo y reconocido por su jam\u00f3n ib\u00e9rico, se une a localidades con identidad propia como Zarza de Mont\u00e1nchez, Valdefuentes, Almohar\u00edn, Torrequemada y Alcu\u00e9scar, donde conviven tradici\u00f3n rural, patrimonio religioso y entornos naturales \u00fanicos. Un destino ideal para el turismo gastron\u00f3mico, cultural y de experiencias en el coraz\u00f3n de la provincia de C\u00e1ceres.<\/p>\t\t\t\t\t\t\t\t<\/div>\n\t\t\t\t\t<\/div>\n\t\t\t\t<\/div>\n\t\t<div class=\"elementor-element elementor-element-7249e40 e-flex e-con-boxed e-con e-parent\" data-id=\"7249e40\" data-element_type=\"container\" data-e-type=\"container\">\n\t\t\t\t\t<div class=\"e-con-inner\">\n\t\t<div class=\"elementor-element elementor-element-3d6dd05 e-con-full e-flex e-con e-child\" data-id=\"3d6dd05\" data-element_type=\"container\" data-e-type=\"container\">\n\t\t\t\t<div class=\"elementor-element elementor-element-b7da857 elementor-widget elementor-widget-image\" data-id=\"b7da857\" data-element_type=\"widget\" data-e-type=\"widget\" data-widget_type=\"image.default\">\n\t\t\t\t\t\t\t\t\t\t\t\t\t\t\t\t<a href=\"https:\/\/tierrasdecaceresytrujillo.es\/actividades\/viaje-no10-trujillo-miajadas\/\">\n\t\t\t\t\t\t\t<img fetchpriority=\"high\" decoding=\"async\" width=\"1024\" height=\"607\" src=\"https:\/\/tierrasdecaceresytrujillo.es\/actividades\/wp-content\/uploads\/sites\/5\/2026\/02\/IMG_VIAJE_No10_ORDEN_2-1.jpg\" class=\"elementor-animation-shrink attachment-large size-large wp-image-1580\" alt=\"\" srcset=\"https:\/\/tierrasdecaceresytrujillo.es\/actividades\/wp-content\/uploads\/sites\/5\/2026\/02\/IMG_VIAJE_No10_ORDEN_2-1.jpg 1024w, https:\/\/tierrasdecaceresytrujillo.es\/actividades\/wp-content\/uploads\/sites\/5\/2026\/02\/IMG_VIAJE_No10_ORDEN_2-1-300x178.jpg 300w, https:\/\/tierrasdecaceresytrujillo.es\/actividades\/wp-content\/uploads\/sites\/5\/2026\/02\/IMG_VIAJE_No10_ORDEN_2-1-768x455.jpg 768w\" sizes=\"(max-width: 1024px) 100vw, 1024px\" \/>\t\t\t\t\t\t\t\t<\/a>\n\t\t\t\t\t\t\t\t\t\t\t\t\t\t\t<\/div>\n\t\t\t\t<\/div>\n\t\t<div class=\"elementor-element elementor-element-fd8f8d6 e-con-full e-flex e-con e-child\" data-id=\"fd8f8d6\" data-element_type=\"container\" data-e-type=\"container\">\n\t\t\t\t<div class=\"elementor-element elementor-element-c70fbca elementor-widget elementor-widget-image\" data-id=\"c70fbca\" data-element_type=\"widget\" data-e-type=\"widget\" data-widget_type=\"image.default\">\n\t\t\t\t\t\t\t\t\t\t\t\t\t\t\t\t<a href=\"https:\/\/tierrasdecaceresytrujillo.es\/actividades\/viaje-no11-torrequemada-alcuescar\/\">\n\t\t\t\t\t\t\t<img decoding=\"async\" width=\"1024\" height=\"607\" src=\"https:\/\/tierrasdecaceresytrujillo.es\/actividades\/wp-content\/uploads\/sites\/5\/2026\/02\/IMG_VIAJE_No11_ORDEN_4-1.jpg\" class=\"elementor-animation-shrink attachment-large size-large wp-image-1581\" alt=\"\" srcset=\"https:\/\/tierrasdecaceresytrujillo.es\/actividades\/wp-content\/uploads\/sites\/5\/2026\/02\/IMG_VIAJE_No11_ORDEN_4-1.jpg 1024w, https:\/\/tierrasdecaceresytrujillo.es\/actividades\/wp-content\/uploads\/sites\/5\/2026\/02\/IMG_VIAJE_No11_ORDEN_4-1-300x178.jpg 300w, https:\/\/tierrasdecaceresytrujillo.es\/actividades\/wp-content\/uploads\/sites\/5\/2026\/02\/IMG_VIAJE_No11_ORDEN_4-1-768x455.jpg 768w\" sizes=\"(max-width: 1024px) 100vw, 1024px\" \/>\t\t\t\t\t\t\t\t<\/a>\n\t\t\t\t\t\t\t\t\t\t\t\t\t\t\t<\/div>\n\t\t\t\t<\/div>\n\t\t<div class=\"elementor-element elementor-element-138ce9a e-con-full e-flex e-con e-child\" data-id=\"138ce9a\" data-element_type=\"container\" data-e-type=\"container\">\n\t\t\t\t<div class=\"elementor-element elementor-element-14acc25 elementor-widget elementor-widget-image\" data-id=\"14acc25\" data-element_type=\"widget\" data-e-type=\"widget\" data-widget_type=\"image.default\">\n\t\t\t\t\t\t\t\t\t\t\t\t\t\t\t\t<a href=\"https:\/\/tierrasdecaceresytrujillo.es\/actividades\/viaje-no13-torrequemada-alcuescar\/\">\n\t\t\t\t\t\t\t<img decoding=\"async\" width=\"1024\" height=\"607\" src=\"https:\/\/tierrasdecaceresytrujillo.es\/actividades\/wp-content\/uploads\/sites\/5\/2026\/02\/IMG_VIAJE_No13_ORDEN_6-1.jpg\" class=\"elementor-animation-shrink attachment-large size-large wp-image-1582\" alt=\"\" srcset=\"https:\/\/tierrasdecaceresytrujillo.es\/actividades\/wp-content\/uploads\/sites\/5\/2026\/02\/IMG_VIAJE_No13_ORDEN_6-1.jpg 1024w, https:\/\/tierrasdecaceresytrujillo.es\/actividades\/wp-content\/uploads\/sites\/5\/2026\/02\/IMG_VIAJE_No13_ORDEN_6-1-300x178.jpg 300w, https:\/\/tierrasdecaceresytrujillo.es\/actividades\/wp-content\/uploads\/sites\/5\/2026\/02\/IMG_VIAJE_No13_ORDEN_6-1-768x455.jpg 768w\" sizes=\"(max-width: 1024px) 100vw, 1024px\" \/>\t\t\t\t\t\t\t\t<\/a>\n\t\t\t\t\t\t\t\t\t\t\t\t\t\t\t<\/div>\n\t\t\t\t<\/div>\n\t\t<div class=\"elementor-element elementor-element-7233b53 e-con-full e-flex e-con e-child\" data-id=\"7233b53\" data-element_type=\"container\" data-e-type=\"container\">\n\t\t\t\t<div class=\"elementor-element elementor-element-deb8a0b elementor-widget elementor-widget-image\" data-id=\"deb8a0b\" data-element_type=\"widget\" data-e-type=\"widget\" data-widget_type=\"image.default\">\n\t\t\t\t\t\t\t\t\t\t\t\t\t\t\t\t<a href=\"https:\/\/tierrasdecaceresytrujillo.es\/actividades\/viaje-no4-valdefuentes-almoharin\/\">\n\t\t\t\t\t\t\t<img loading=\"lazy\" decoding=\"async\" width=\"1024\" height=\"607\" src=\"https:\/\/tierrasdecaceresytrujillo.es\/actividades\/wp-content\/uploads\/sites\/5\/2026\/02\/IMG_VIAJE_No5_ORDEN_7-1.jpg\" class=\"elementor-animation-shrink attachment-large size-large wp-image-1583\" alt=\"\" srcset=\"https:\/\/tierrasdecaceresytrujillo.es\/actividades\/wp-content\/uploads\/sites\/5\/2026\/02\/IMG_VIAJE_No5_ORDEN_7-1.jpg 1024w, https:\/\/tierrasdecaceresytrujillo.es\/actividades\/wp-content\/uploads\/sites\/5\/2026\/02\/IMG_VIAJE_No5_ORDEN_7-1-300x178.jpg 300w, https:\/\/tierrasdecaceresytrujillo.es\/actividades\/wp-content\/uploads\/sites\/5\/2026\/02\/IMG_VIAJE_No5_ORDEN_7-1-768x455.jpg 768w\" sizes=\"(max-width: 1024px) 100vw, 1024px\" \/>\t\t\t\t\t\t\t\t<\/a>\n\t\t\t\t\t\t\t\t\t\t\t\t\t\t\t<\/div>\n\t\t\t\t<\/div>\n\t\t<div class=\"elementor-element elementor-element-bccbbfb e-con-full e-flex e-con e-child\" data-id=\"bccbbfb\" data-element_type=\"container\" data-e-type=\"container\">\n\t\t\t\t<div class=\"elementor-element elementor-element-c7cb492 elementor-widget elementor-widget-image\" data-id=\"c7cb492\" data-element_type=\"widget\" data-e-type=\"widget\" data-widget_type=\"image.default\">\n\t\t\t\t\t\t\t\t\t\t\t\t\t\t\t\t<a href=\"https:\/\/tierrasdecaceresytrujillo.es\/actividades\/viaje-no3-montanchez-zarza-de-montanchez\/\">\n\t\t\t\t\t\t\t<img loading=\"lazy\" decoding=\"async\" width=\"1024\" height=\"607\" src=\"https:\/\/tierrasdecaceresytrujillo.es\/actividades\/wp-content\/uploads\/sites\/5\/2026\/02\/IMG_VIAJE_No3_ORDEN_13-1.jpg\" class=\"attachment-large size-large wp-image-1584\" alt=\"\" srcset=\"https:\/\/tierrasdecaceresytrujillo.es\/actividades\/wp-content\/uploads\/sites\/5\/2026\/02\/IMG_VIAJE_No3_ORDEN_13-1.jpg 1024w, https:\/\/tierrasdecaceresytrujillo.es\/actividades\/wp-content\/uploads\/sites\/5\/2026\/02\/IMG_VIAJE_No3_ORDEN_13-1-300x178.jpg 300w, https:\/\/tierrasdecaceresytrujillo.es\/actividades\/wp-content\/uploads\/sites\/5\/2026\/02\/IMG_VIAJE_No3_ORDEN_13-1-768x455.jpg 768w\" sizes=\"(max-width: 1024px) 100vw, 1024px\" \/>\t\t\t\t\t\t\t\t<\/a>\n\t\t\t\t\t\t\t\t\t\t\t\t\t\t\t<\/div>\n\t\t\t\t<\/div>\n\t\t<div class=\"elementor-element elementor-element-60fa5b5 e-con-full e-flex e-con e-child\" data-id=\"60fa5b5\" data-element_type=\"container\" data-e-type=\"container\">\n\t\t\t\t<div class=\"elementor-element elementor-element-0b6ddd7 elementor-widget elementor-widget-image\" data-id=\"0b6ddd7\" data-element_type=\"widget\" data-e-type=\"widget\" data-widget_type=\"image.default\">\n\t\t\t\t\t\t\t\t\t\t\t\t\t\t\t\t<a href=\"https:\/\/tierrasdecaceresytrujillo.es\/actividades\/viaje-no15-montanchez-zarza-de-montanchez\/\">\n\t\t\t\t\t\t\t<img loading=\"lazy\" decoding=\"async\" width=\"1024\" height=\"607\" src=\"https:\/\/tierrasdecaceresytrujillo.es\/actividades\/wp-content\/uploads\/sites\/5\/2026\/02\/IMG_VIAJE_No15_ORDEN_17-1.jpg\" class=\"elementor-animation-shrink attachment-large size-large wp-image-1585\" alt=\"\" srcset=\"https:\/\/tierrasdecaceresytrujillo.es\/actividades\/wp-content\/uploads\/sites\/5\/2026\/02\/IMG_VIAJE_No15_ORDEN_17-1.jpg 1024w, https:\/\/tierrasdecaceresytrujillo.es\/actividades\/wp-content\/uploads\/sites\/5\/2026\/02\/IMG_VIAJE_No15_ORDEN_17-1-300x178.jpg 300w, https:\/\/tierrasdecaceresytrujillo.es\/actividades\/wp-content\/uploads\/sites\/5\/2026\/02\/IMG_VIAJE_No15_ORDEN_17-1-768x455.jpg 768w\" sizes=\"(max-width: 1024px) 100vw, 1024px\" \/>\t\t\t\t\t\t\t\t<\/a>\n\t\t\t\t\t\t\t\t\t\t\t\t\t\t\t<\/div>\n\t\t\t\t<\/div>\n\t\t\t\t\t<\/div>\n\t\t\t\t<\/div>\n\t\t\t\t<\/div>\n\t\t","protected":false},"excerpt":{"rendered":"<p>COMARCA MONT\u00c1NCHEZ &#8211; TAMUJA \u00abTierra de Sabores, Historia y Naturaleza\u00bb La comarca Mont\u00e1nchez \u2013 Tamuja invita a descubrir la esencia [&hellip;]<\/p>\n","protected":false},"author":3,"featured_media":0,"parent":0,"menu_order":0,"comment_status":"closed","ping_status":"closed","template":"elementor_header_footer","meta":{"site-sidebar-layout":"no-sidebar","site-content-layout":"","ast-site-content-layout":"full-width-container","site-content-style":"default","site-sidebar-style":"default","ast-global-header-display":"","ast-banner-title-visibility":"","ast-main-header-display":"","ast-hfb-above-header-display":"","ast-hfb-below-header-display":"","ast-hfb-mobile-header-display":"","site-post-title":"","ast-breadcrumbs-content":"","ast-featured-img":"disabled","footer-sml-layout":"","ast-disable-related-posts":"","theme-transparent-header-meta":"","adv-header-id-meta":"","stick-header-meta":"","header-above-stick-meta":"","header-main-stick-meta":"","header-below-stick-meta":"","astra-migrate-meta-layouts":"default","ast-page-background-enabled":"default","ast-page-background-meta":{"desktop":{"background-color":"var(--ast-global-color-5)","background-image":"","background-repeat":"repeat","background-position":"center center","background-size":"auto","background-attachment":"scroll","background-type":"","background-media":"","overlay-type":"","overlay-color":"","overlay-opacity":"","overlay-gradient":""},"tablet":{"background-color":"","background-image":"","background-repeat":"repeat","background-position":"center center","background-size":"auto","background-attachment":"scroll","background-type":"","background-media":"","overlay-type":"","overlay-color":"","overlay-opacity":"","overlay-gradient":""},"mobile":{"background-color":"","background-image":"","background-repeat":"repeat","background-position":"center center","background-size":"auto","background-attachment":"scroll","background-type":"","background-media":"","overlay-type":"","overlay-color":"","overlay-opacity":"","overlay-gradient":""}},"ast-content-background-meta":{"desktop":{"background-color":"var(--ast-global-color-4)","background-image":"","background-repeat":"repeat","background-position":"center center","background-size":"auto","background-attachment":"scroll","background-type":"","background-media":"","overlay-type":"","overlay-color":"","overlay-opacity":"","overlay-gradient":""},"tablet":{"background-color":"var(--ast-global-color-4)","background-image":"","background-repeat":"repeat","background-position":"center center","background-size":"auto","background-attachment":"scroll","background-type":"","background-media":"","overlay-type":"","overlay-color":"","overlay-opacity":"","overlay-gradient":""},"mobile":{"background-color":"var(--ast-global-color-4)","background-image":"","background-repeat":"repeat","background-position":"center center","background-size":"auto","background-attachment":"scroll","background-type":"","background-media":"","overlay-type":"","overlay-color":"","overlay-opacity":"","overlay-gradient":""}},"footnotes":""},"class_list":["post-68","page","type-page","status-publish","hentry"],"_links":{"self":[{"href":"https:\/\/tierrasdecaceresytrujillo.es\/actividades\/wp-json\/wp\/v2\/pages\/68","targetHints":{"allow":["GET"]}}],"collection":[{"href":"https:\/\/tierrasdecaceresytrujillo.es\/actividades\/wp-json\/wp\/v2\/pages"}],"about":[{"href":"https:\/\/tierrasdecaceresytrujillo.es\/actividades\/wp-json\/wp\/v2\/types\/page"}],"author":[{"embeddable":true,"href":"https:\/\/tierrasdecaceresytrujillo.es\/actividades\/wp-json\/wp\/v2\/users\/3"}],"replies":[{"embeddable":true,"href":"https:\/\/tierrasdecaceresytrujillo.es\/actividades\/wp-json\/wp\/v2\/comments?post=68"}],"version-history":[{"count":34,"href":"https:\/\/tierrasdecaceresytrujillo.es\/actividades\/wp-json\/wp\/v2\/pages\/68\/revisions"}],"predecessor-version":[{"id":1588,"href":"https:\/\/tierrasdecaceresytrujillo.es\/actividades\/wp-json\/wp\/v2\/pages\/68\/revisions\/1588"}],"wp:attachment":[{"href":"https:\/\/tierrasdecaceresytrujillo.es\/actividades\/wp-json\/wp\/v2\/media?parent=68"}],"curies":[{"name":"wp","href":"https:\/\/api.w.org\/{rel}","templated":true}]}}