{"id":702,"date":"2026-01-20T17:06:45","date_gmt":"2026-01-20T16:06:45","guid":{"rendered":"https:\/\/tierrasdecaceresytrujillo.es\/actividades\/?page_id=702"},"modified":"2026-02-13T12:03:06","modified_gmt":"2026-02-13T11:03:06","slug":"viaje-no17-aliseda-los-barruecos","status":"publish","type":"page","link":"https:\/\/tierrasdecaceresytrujillo.es\/actividades\/viaje-no17-aliseda-los-barruecos\/","title":{"rendered":"VIAJE N\u00ba17. ALISEDA &#8211; LOS BARRUECOS"},"content":{"rendered":"\t\t<div data-elementor-type=\"wp-page\" data-elementor-id=\"702\" class=\"elementor elementor-702\">\n\t\t\t\t<div class=\"elementor-element elementor-element-3a78fe8 e-flex e-con-boxed e-con e-parent\" data-id=\"3a78fe8\" data-element_type=\"container\" data-e-type=\"container\" data-settings=\"{&quot;background_background&quot;:&quot;classic&quot;}\">\n\t\t\t\t\t<div class=\"e-con-inner\">\n\t\t<div class=\"elementor-element elementor-element-48796f3 e-con-full e-flex e-con e-child\" data-id=\"48796f3\" data-element_type=\"container\" data-e-type=\"container\">\n\t\t\t\t<div class=\"elementor-element elementor-element-5c34b76 elementor-widget elementor-widget-heading\" data-id=\"5c34b76\" data-element_type=\"widget\" data-e-type=\"widget\" data-widget_type=\"heading.default\">\n\t\t\t\t\t<h6 class=\"elementor-heading-title elementor-size-default\">COMARCA TAJO - SALOR - ALMONTE<\/h6>\t\t\t\t<\/div>\n\t\t\t\t<div class=\"elementor-element elementor-element-2f3a68d elementor-widget elementor-widget-heading\" data-id=\"2f3a68d\" data-element_type=\"widget\" data-e-type=\"widget\" data-widget_type=\"heading.default\">\n\t\t\t\t\t<h1 class=\"elementor-heading-title elementor-size-default\">RUTA ALISEDA -<br>LOS BARRUECOS<\/h1>\t\t\t\t<\/div>\n\t\t\t\t<div class=\"elementor-element elementor-element-4a0fdf5 elementor-widget elementor-widget-text-editor\" data-id=\"4a0fdf5\" data-element_type=\"widget\" data-e-type=\"widget\" data-widget_type=\"text-editor.default\">\n\t\t\t\t\t\t\t\t\t<p><strong>Fecha:<\/strong> 23 de febrero de 2026<\/p><p><strong>Puntos de salida:<\/strong> C\u00e1ceres<\/p>\t\t\t\t\t\t\t\t<\/div>\n\t\t\t\t<div class=\"elementor-element elementor-element-0796dc8 elementor-widget elementor-widget-text-editor\" data-id=\"0796dc8\" data-element_type=\"widget\" data-e-type=\"widget\" data-widget_type=\"text-editor.default\">\n\t\t\t\t\t\t\t\t\t<p><strong>Descripci\u00f3n:<\/strong> Vive un viaje fascinante entre historia milenaria y paisajes naturales \u00fanicos. Comienza en Aliseda, tierra del legendario Tesoro tart\u00e9sico, donde los sabores locales y la tradici\u00f3n gastron\u00f3mica dan la bienvenida al visitante. La experiencia contin\u00faa con la visita a la enigm\u00e1tica Mina de la Pastora, testigo del pasado prehist\u00f3rico de la regi\u00f3n. Tras el almuerzo, el recorrido culmina en el espectacular paraje natural de Los Barruecos, un paisaje de enormes rocas gran\u00edticas que ha cautivado al mundo y servido de escenario a grandes producciones. Una ruta pensada para sorprender, emocionar y conectar con la esencia m\u00e1s aut\u00e9ntica de Extremadura.<\/p>\t\t\t\t\t\t\t\t<\/div>\n\t\t\t\t<div class=\"elementor-element elementor-element-a9f7877 elementor-widget elementor-widget-text-editor\" data-id=\"a9f7877\" data-element_type=\"widget\" data-e-type=\"widget\" data-widget_type=\"text-editor.default\">\n\t\t\t\t\t\t\t\t\t<p><strong>Dirigido a:<\/strong> Esta actividad est\u00e1 indicada para todas las edades.<\/p>\t\t\t\t\t\t\t\t<\/div>\n\t\t<div class=\"elementor-element elementor-element-c68e32b e-grid e-con-full e-con e-child\" data-id=\"c68e32b\" data-element_type=\"container\" data-e-type=\"container\">\n\t\t\t\t<div class=\"elementor-element elementor-element-6d490fb elementor-widget elementor-widget-button\" data-id=\"6d490fb\" data-element_type=\"widget\" data-e-type=\"widget\" data-widget_type=\"button.default\">\n\t\t\t\t\t\t\t\t\t\t<a class=\"elementor-button elementor-button-link elementor-size-sm\" href=\"https:\/\/drive.google.com\/file\/d\/1eDqt2_XRawPqRNwg8M7I1dGcge5p6Dkh\/view?usp=sharing\" target=\"_blank\">\n\t\t\t\t\t\t<span class=\"elementor-button-content-wrapper\">\n\t\t\t\t\t\t\t\t\t<span class=\"elementor-button-text\">VER ITINERARIO<\/span>\n\t\t\t\t\t<\/span>\n\t\t\t\t\t<\/a>\n\t\t\t\t\t\t\t\t<\/div>\n\t\t\t\t<div class=\"elementor-element elementor-element-5aa181c elementor-widget elementor-widget-button\" data-id=\"5aa181c\" data-element_type=\"widget\" data-e-type=\"widget\" data-widget_type=\"button.default\">\n\t\t\t\t\t\t\t\t\t\t<a class=\"elementor-button elementor-button-link elementor-size-sm\" href=\"https:\/\/forms.gle\/5MzZr3ob9B2ByAwp6\" target=\"_blank\">\n\t\t\t\t\t\t<span class=\"elementor-button-content-wrapper\">\n\t\t\t\t\t\t\t\t\t<span class=\"elementor-button-text\">INSCRIBIRSE<\/span>\n\t\t\t\t\t<\/span>\n\t\t\t\t\t<\/a>\n\t\t\t\t\t\t\t\t<\/div>\n\t\t\t\t<\/div>\n\t\t\t\t<div class=\"elementor-element elementor-element-a6b237e elementor-widget elementor-widget-text-editor\" data-id=\"a6b237e\" data-element_type=\"widget\" data-e-type=\"widget\" data-widget_type=\"text-editor.default\">\n\t\t\t\t\t\t\t\t\t<p><strong>Recomendaciones:<\/strong> Se recomienda utilizar calzado y ropa c\u00f3moda, as\u00ed como, llevar una mochila con agua, frutos secos y\/o barritas energ\u00e9ticas, etc&#8230;<\/p>\t\t\t\t\t\t\t\t<\/div>\n\t\t\t\t<\/div>\n\t\t<div class=\"elementor-element elementor-element-80d157e e-con-full e-flex e-con e-child\" data-id=\"80d157e\" data-element_type=\"container\" data-e-type=\"container\">\n\t\t\t\t<div class=\"elementor-element elementor-element-a10e53a elementor-widget elementor-widget-image\" data-id=\"a10e53a\" data-element_type=\"widget\" data-e-type=\"widget\" data-widget_type=\"image.default\">\n\t\t\t\t\t\t\t\t\t\t\t\t\t\t\t<img fetchpriority=\"high\" decoding=\"async\" width=\"1024\" height=\"737\" src=\"https:\/\/tierrasdecaceresytrujillo.es\/actividades\/wp-content\/uploads\/sites\/5\/2026\/01\/IMG_PRODUCTO_WEB_RUTA_2_COMARCA_TAJO_SALOR_ALMONTE_Mesa-de-trabajo-1-1024x737.png\" class=\"attachment-large size-large wp-image-518\" alt=\"Ruta N\u00ba2. Aliseda - Los Barruecos. Comarca Tajo - Salor - Almonte\" srcset=\"https:\/\/tierrasdecaceresytrujillo.es\/actividades\/wp-content\/uploads\/sites\/5\/2026\/01\/IMG_PRODUCTO_WEB_RUTA_2_COMARCA_TAJO_SALOR_ALMONTE_Mesa-de-trabajo-1-1024x737.png 1024w, https:\/\/tierrasdecaceresytrujillo.es\/actividades\/wp-content\/uploads\/sites\/5\/2026\/01\/IMG_PRODUCTO_WEB_RUTA_2_COMARCA_TAJO_SALOR_ALMONTE_Mesa-de-trabajo-1-300x216.png 300w, https:\/\/tierrasdecaceresytrujillo.es\/actividades\/wp-content\/uploads\/sites\/5\/2026\/01\/IMG_PRODUCTO_WEB_RUTA_2_COMARCA_TAJO_SALOR_ALMONTE_Mesa-de-trabajo-1-768x553.png 768w, https:\/\/tierrasdecaceresytrujillo.es\/actividades\/wp-content\/uploads\/sites\/5\/2026\/01\/IMG_PRODUCTO_WEB_RUTA_2_COMARCA_TAJO_SALOR_ALMONTE_Mesa-de-trabajo-1-1536x1105.png 1536w, https:\/\/tierrasdecaceresytrujillo.es\/actividades\/wp-content\/uploads\/sites\/5\/2026\/01\/IMG_PRODUCTO_WEB_RUTA_2_COMARCA_TAJO_SALOR_ALMONTE_Mesa-de-trabajo-1-2048x1474.png 2048w\" sizes=\"(max-width: 1024px) 100vw, 1024px\" \/>\t\t\t\t\t\t\t\t\t\t\t\t\t\t\t<\/div>\n\t\t\t\t<\/div>\n\t\t\t\t\t<\/div>\n\t\t\t\t<\/div>\n\t\t\t\t<\/div>\n\t\t","protected":false},"excerpt":{"rendered":"<p>COMARCA TAJO &#8211; SALOR &#8211; ALMONTE RUTA ALISEDA &#8211;LOS BARRUECOS Fecha: 23 de febrero de 2026 Puntos de salida: C\u00e1ceres [&hellip;]<\/p>\n","protected":false},"author":3,"featured_media":0,"parent":0,"menu_order":0,"comment_status":"closed","ping_status":"closed","template":"elementor_header_footer","meta":{"site-sidebar-layout":"no-sidebar","site-content-layout":"","ast-site-content-layout":"full-width-container","site-content-style":"default","site-sidebar-style":"default","ast-global-header-display":"","ast-banner-title-visibility":"","ast-main-header-display":"","ast-hfb-above-header-display":"","ast-hfb-below-header-display":"","ast-hfb-mobile-header-display":"","site-post-title":"","ast-breadcrumbs-content":"","ast-featured-img":"disabled","footer-sml-layout":"","ast-disable-related-posts":"","theme-transparent-header-meta":"","adv-header-id-meta":"","stick-header-meta":"","header-above-stick-meta":"","header-main-stick-meta":"","header-below-stick-meta":"","astra-migrate-meta-layouts":"default","ast-page-background-enabled":"default","ast-page-background-meta":{"desktop":{"background-color":"var(--ast-global-color-5)","background-image":"","background-repeat":"repeat","background-position":"center center","background-size":"auto","background-attachment":"scroll","background-type":"","background-media":"","overlay-type":"","overlay-color":"","overlay-opacity":"","overlay-gradient":""},"tablet":{"background-color":"","background-image":"","background-repeat":"repeat","background-position":"center center","background-size":"auto","background-attachment":"scroll","background-type":"","background-media":"","overlay-type":"","overlay-color":"","overlay-opacity":"","overlay-gradient":""},"mobile":{"background-color":"","background-image":"","background-repeat":"repeat","background-position":"center center","background-size":"auto","background-attachment":"scroll","background-type":"","background-media":"","overlay-type":"","overlay-color":"","overlay-opacity":"","overlay-gradient":""}},"ast-content-background-meta":{"desktop":{"background-color":"var(--ast-global-color-4)","background-image":"","background-repeat":"repeat","background-position":"center center","background-size":"auto","background-attachment":"scroll","background-type":"","background-media":"","overlay-type":"","overlay-color":"","overlay-opacity":"","overlay-gradient":""},"tablet":{"background-color":"var(--ast-global-color-4)","background-image":"","background-repeat":"repeat","background-position":"center center","background-size":"auto","background-attachment":"scroll","background-type":"","background-media":"","overlay-type":"","overlay-color":"","overlay-opacity":"","overlay-gradient":""},"mobile":{"background-color":"var(--ast-global-color-4)","background-image":"","background-repeat":"repeat","background-position":"center center","background-size":"auto","background-attachment":"scroll","background-type":"","background-media":"","overlay-type":"","overlay-color":"","overlay-opacity":"","overlay-gradient":""}},"footnotes":""},"class_list":["post-702","page","type-page","status-publish","hentry"],"_links":{"self":[{"href":"https:\/\/tierrasdecaceresytrujillo.es\/actividades\/wp-json\/wp\/v2\/pages\/702","targetHints":{"allow":["GET"]}}],"collection":[{"href":"https:\/\/tierrasdecaceresytrujillo.es\/actividades\/wp-json\/wp\/v2\/pages"}],"about":[{"href":"https:\/\/tierrasdecaceresytrujillo.es\/actividades\/wp-json\/wp\/v2\/types\/page"}],"author":[{"embeddable":true,"href":"https:\/\/tierrasdecaceresytrujillo.es\/actividades\/wp-json\/wp\/v2\/users\/3"}],"replies":[{"embeddable":true,"href":"https:\/\/tierrasdecaceresytrujillo.es\/actividades\/wp-json\/wp\/v2\/comments?post=702"}],"version-history":[{"count":59,"href":"https:\/\/tierrasdecaceresytrujillo.es\/actividades\/wp-json\/wp\/v2\/pages\/702\/revisions"}],"predecessor-version":[{"id":1639,"href":"https:\/\/tierrasdecaceresytrujillo.es\/actividades\/wp-json\/wp\/v2\/pages\/702\/revisions\/1639"}],"wp:attachment":[{"href":"https:\/\/tierrasdecaceresytrujillo.es\/actividades\/wp-json\/wp\/v2\/media?parent=702"}],"curies":[{"name":"wp","href":"https:\/\/api.w.org\/{rel}","templated":true}]}}