{"id":980,"date":"2026-01-26T11:30:06","date_gmt":"2026-01-26T10:30:06","guid":{"rendered":"https:\/\/tierrasdecaceresytrujillo.es\/actividades\/?page_id=980"},"modified":"2026-02-13T12:01:54","modified_gmt":"2026-02-13T11:01:54","slug":"viaje-no14-torrecilla-de-la-tiesa-madrigalejo","status":"publish","type":"page","link":"https:\/\/tierrasdecaceresytrujillo.es\/actividades\/viaje-no14-torrecilla-de-la-tiesa-madrigalejo\/","title":{"rendered":"VIAJE N\u00ba14. TORRECILLA DE LA TIESA &#8211; MADRIGALEJO"},"content":{"rendered":"\t\t<div data-elementor-type=\"wp-page\" data-elementor-id=\"980\" class=\"elementor elementor-980\">\n\t\t\t\t<div class=\"elementor-element elementor-element-6c0853e e-flex e-con-boxed e-con e-parent\" data-id=\"6c0853e\" data-element_type=\"container\" data-e-type=\"container\" data-settings=\"{&quot;background_background&quot;:&quot;classic&quot;}\">\n\t\t\t\t\t<div class=\"e-con-inner\">\n\t\t<div class=\"elementor-element elementor-element-1e6a102 e-con-full e-flex e-con e-child\" data-id=\"1e6a102\" data-element_type=\"container\" data-e-type=\"container\">\n\t\t\t\t<div class=\"elementor-element elementor-element-e2b9b38 elementor-widget elementor-widget-heading\" data-id=\"e2b9b38\" data-element_type=\"widget\" data-e-type=\"widget\" data-widget_type=\"heading.default\">\n\t\t\t\t\t<h6 class=\"elementor-heading-title elementor-size-default\">COMARCA MIAJADAS - TRUJILLO<\/h6>\t\t\t\t<\/div>\n\t\t\t\t<div class=\"elementor-element elementor-element-c6814c8 elementor-widget elementor-widget-heading\" data-id=\"c6814c8\" data-element_type=\"widget\" data-e-type=\"widget\" data-widget_type=\"heading.default\">\n\t\t\t\t\t<h1 class=\"elementor-heading-title elementor-size-default\">RUTA TORRECILLA DE LA TIESA - MADRIGALEJO<\/h1>\t\t\t\t<\/div>\n\t\t\t\t<div class=\"elementor-element elementor-element-0e4cd51 elementor-widget elementor-widget-text-editor\" data-id=\"0e4cd51\" data-element_type=\"widget\" data-e-type=\"widget\" data-widget_type=\"text-editor.default\">\n\t\t\t\t\t\t\t\t\t<p><strong>Fecha:<\/strong> 21 de febrero de 2026<\/p><p><strong>Puntos de salida:<\/strong> C\u00e1ceres<\/p>\t\t\t\t\t\t\t\t<\/div>\n\t\t\t\t<div class=\"elementor-element elementor-element-add42e6 elementor-widget elementor-widget-text-editor\" data-id=\"add42e6\" data-element_type=\"widget\" data-e-type=\"widget\" data-widget_type=\"text-editor.default\">\n\t\t\t\t\t\t\t\t\t<p><strong>Descripci\u00f3n:<\/strong> Una ruta que invita a descubrir la esencia m\u00e1s aut\u00e9ntica de la Extremadura rural. Comenzamos en Torrecilla de la Tiesa con visita guiada por la localidad, donde conoceremos su forma de vida ligada al campo y disfrutaremos de una degustaci\u00f3n de quesos artesanales de elaboraci\u00f3n natural. Tras el almuerzo, nos trasladamos a Madrigalejo, enclave hist\u00f3rico donde falleci\u00f3 el rey Fernando el Cat\u00f3lico, para visitar la Casa de Santa Mar\u00eda, hoy espacio de memoria y patrimonio. Una experiencia que combina tradici\u00f3n, gastronom\u00eda e historia en un entorno genuino y tranquilo.<\/p>\t\t\t\t\t\t\t\t<\/div>\n\t\t\t\t<div class=\"elementor-element elementor-element-c3e30c8 elementor-widget elementor-widget-text-editor\" data-id=\"c3e30c8\" data-element_type=\"widget\" data-e-type=\"widget\" data-widget_type=\"text-editor.default\">\n\t\t\t\t\t\t\t\t\t<p><strong>Dirigido a:<\/strong> Esta actividad est\u00e1 indicada para todas las edades.<\/p>\t\t\t\t\t\t\t\t<\/div>\n\t\t<div class=\"elementor-element elementor-element-c8fcf35 e-grid e-con-full e-con e-child\" data-id=\"c8fcf35\" data-element_type=\"container\" data-e-type=\"container\">\n\t\t\t\t<div class=\"elementor-element elementor-element-f146a9f elementor-widget elementor-widget-button\" data-id=\"f146a9f\" data-element_type=\"widget\" data-e-type=\"widget\" data-widget_type=\"button.default\">\n\t\t\t\t\t\t\t\t\t\t<a class=\"elementor-button elementor-button-link elementor-size-sm\" href=\"https:\/\/drive.google.com\/file\/d\/11i0t64LOwg8E9rKjrp0tgqhgdNaBGCbh\/view?usp=sharing\" target=\"_blank\">\n\t\t\t\t\t\t<span class=\"elementor-button-content-wrapper\">\n\t\t\t\t\t\t\t\t\t<span class=\"elementor-button-text\">VER ITINERARIO<\/span>\n\t\t\t\t\t<\/span>\n\t\t\t\t\t<\/a>\n\t\t\t\t\t\t\t\t<\/div>\n\t\t\t\t<div class=\"elementor-element elementor-element-b39e456 elementor-widget elementor-widget-button\" data-id=\"b39e456\" data-element_type=\"widget\" data-e-type=\"widget\" data-widget_type=\"button.default\">\n\t\t\t\t\t\t\t\t\t\t<a class=\"elementor-button elementor-button-link elementor-size-sm\" href=\"https:\/\/forms.gle\/99ARKin67oUU9zLc8\" target=\"_blank\">\n\t\t\t\t\t\t<span class=\"elementor-button-content-wrapper\">\n\t\t\t\t\t\t\t\t\t<span class=\"elementor-button-text\">INSCRIBIRSE<\/span>\n\t\t\t\t\t<\/span>\n\t\t\t\t\t<\/a>\n\t\t\t\t\t\t\t\t<\/div>\n\t\t\t\t<\/div>\n\t\t\t\t<div class=\"elementor-element elementor-element-b05bf5d elementor-widget elementor-widget-text-editor\" data-id=\"b05bf5d\" data-element_type=\"widget\" data-e-type=\"widget\" data-widget_type=\"text-editor.default\">\n\t\t\t\t\t\t\t\t\t<p><strong>Recomendaciones:<\/strong> Se recomienda utilizar calzado y ropa c\u00f3moda, as\u00ed como, llevar una mochila con agua, frutos secos y\/o barritas energ\u00e9ticas, etc&#8230;<\/p>\t\t\t\t\t\t\t\t<\/div>\n\t\t\t\t<\/div>\n\t\t<div class=\"elementor-element elementor-element-d3bc2b4 e-con-full e-flex e-con e-child\" data-id=\"d3bc2b4\" data-element_type=\"container\" data-e-type=\"container\">\n\t\t\t\t<div class=\"elementor-element elementor-element-cdcb091 elementor-widget elementor-widget-image\" data-id=\"cdcb091\" data-element_type=\"widget\" data-e-type=\"widget\" data-widget_type=\"image.default\">\n\t\t\t\t\t\t\t\t\t\t\t\t\t\t\t<img fetchpriority=\"high\" decoding=\"async\" width=\"1024\" height=\"737\" src=\"https:\/\/tierrasdecaceresytrujillo.es\/actividades\/wp-content\/uploads\/sites\/5\/2026\/01\/IMG_PRODUCTO_WEB_RUTA_3_COMARCA_MIAJADAS_TRUJILLO_Mesa-de-trabajo-1-1024x737.webp\" class=\"attachment-large size-large wp-image-586\" alt=\"Ruta N\u00ba3. Torrecilla de la Tiesa - Madrigalejo. Comarca Miajadas - Trujillo\" srcset=\"https:\/\/tierrasdecaceresytrujillo.es\/actividades\/wp-content\/uploads\/sites\/5\/2026\/01\/IMG_PRODUCTO_WEB_RUTA_3_COMARCA_MIAJADAS_TRUJILLO_Mesa-de-trabajo-1-1024x737.webp 1024w, https:\/\/tierrasdecaceresytrujillo.es\/actividades\/wp-content\/uploads\/sites\/5\/2026\/01\/IMG_PRODUCTO_WEB_RUTA_3_COMARCA_MIAJADAS_TRUJILLO_Mesa-de-trabajo-1-300x216.webp 300w, https:\/\/tierrasdecaceresytrujillo.es\/actividades\/wp-content\/uploads\/sites\/5\/2026\/01\/IMG_PRODUCTO_WEB_RUTA_3_COMARCA_MIAJADAS_TRUJILLO_Mesa-de-trabajo-1-768x553.png 768w, https:\/\/tierrasdecaceresytrujillo.es\/actividades\/wp-content\/uploads\/sites\/5\/2026\/01\/IMG_PRODUCTO_WEB_RUTA_3_COMARCA_MIAJADAS_TRUJILLO_Mesa-de-trabajo-1-1536x1105.png 1536w, https:\/\/tierrasdecaceresytrujillo.es\/actividades\/wp-content\/uploads\/sites\/5\/2026\/01\/IMG_PRODUCTO_WEB_RUTA_3_COMARCA_MIAJADAS_TRUJILLO_Mesa-de-trabajo-1-2048x1474.png 2048w, https:\/\/tierrasdecaceresytrujillo.es\/actividades\/wp-content\/uploads\/sites\/5\/2026\/01\/IMG_PRODUCTO_WEB_RUTA_3_COMARCA_MIAJADAS_TRUJILLO_Mesa-de-trabajo-1.webp 1920w\" sizes=\"(max-width: 1024px) 100vw, 1024px\" \/>\t\t\t\t\t\t\t\t\t\t\t\t\t\t\t<\/div>\n\t\t\t\t<\/div>\n\t\t\t\t\t<\/div>\n\t\t\t\t<\/div>\n\t\t\t\t<\/div>\n\t\t","protected":false},"excerpt":{"rendered":"<p>COMARCA MIAJADAS &#8211; TRUJILLO RUTA TORRECILLA DE LA TIESA &#8211; MADRIGALEJO Fecha: 21 de febrero de 2026 Puntos de salida: [&hellip;]<\/p>\n","protected":false},"author":3,"featured_media":0,"parent":0,"menu_order":0,"comment_status":"closed","ping_status":"closed","template":"elementor_header_footer","meta":{"site-sidebar-layout":"no-sidebar","site-content-layout":"","ast-site-content-layout":"full-width-container","site-content-style":"default","site-sidebar-style":"default","ast-global-header-display":"","ast-banner-title-visibility":"","ast-main-header-display":"","ast-hfb-above-header-display":"","ast-hfb-below-header-display":"","ast-hfb-mobile-header-display":"","site-post-title":"","ast-breadcrumbs-content":"","ast-featured-img":"disabled","footer-sml-layout":"","ast-disable-related-posts":"","theme-transparent-header-meta":"","adv-header-id-meta":"","stick-header-meta":"","header-above-stick-meta":"","header-main-stick-meta":"","header-below-stick-meta":"","astra-migrate-meta-layouts":"default","ast-page-background-enabled":"default","ast-page-background-meta":{"desktop":{"background-color":"var(--ast-global-color-5)","background-image":"","background-repeat":"repeat","background-position":"center center","background-size":"auto","background-attachment":"scroll","background-type":"","background-media":"","overlay-type":"","overlay-color":"","overlay-opacity":"","overlay-gradient":""},"tablet":{"background-color":"","background-image":"","background-repeat":"repeat","background-position":"center center","background-size":"auto","background-attachment":"scroll","background-type":"","background-media":"","overlay-type":"","overlay-color":"","overlay-opacity":"","overlay-gradient":""},"mobile":{"background-color":"","background-image":"","background-repeat":"repeat","background-position":"center center","background-size":"auto","background-attachment":"scroll","background-type":"","background-media":"","overlay-type":"","overlay-color":"","overlay-opacity":"","overlay-gradient":""}},"ast-content-background-meta":{"desktop":{"background-color":"var(--ast-global-color-4)","background-image":"","background-repeat":"repeat","background-position":"center center","background-size":"auto","background-attachment":"scroll","background-type":"","background-media":"","overlay-type":"","overlay-color":"","overlay-opacity":"","overlay-gradient":""},"tablet":{"background-color":"var(--ast-global-color-4)","background-image":"","background-repeat":"repeat","background-position":"center center","background-size":"auto","background-attachment":"scroll","background-type":"","background-media":"","overlay-type":"","overlay-color":"","overlay-opacity":"","overlay-gradient":""},"mobile":{"background-color":"var(--ast-global-color-4)","background-image":"","background-repeat":"repeat","background-position":"center center","background-size":"auto","background-attachment":"scroll","background-type":"","background-media":"","overlay-type":"","overlay-color":"","overlay-opacity":"","overlay-gradient":""}},"footnotes":""},"class_list":["post-980","page","type-page","status-publish","hentry"],"_links":{"self":[{"href":"https:\/\/tierrasdecaceresytrujillo.es\/actividades\/wp-json\/wp\/v2\/pages\/980","targetHints":{"allow":["GET"]}}],"collection":[{"href":"https:\/\/tierrasdecaceresytrujillo.es\/actividades\/wp-json\/wp\/v2\/pages"}],"about":[{"href":"https:\/\/tierrasdecaceresytrujillo.es\/actividades\/wp-json\/wp\/v2\/types\/page"}],"author":[{"embeddable":true,"href":"https:\/\/tierrasdecaceresytrujillo.es\/actividades\/wp-json\/wp\/v2\/users\/3"}],"replies":[{"embeddable":true,"href":"https:\/\/tierrasdecaceresytrujillo.es\/actividades\/wp-json\/wp\/v2\/comments?post=980"}],"version-history":[{"count":56,"href":"https:\/\/tierrasdecaceresytrujillo.es\/actividades\/wp-json\/wp\/v2\/pages\/980\/revisions"}],"predecessor-version":[{"id":1630,"href":"https:\/\/tierrasdecaceresytrujillo.es\/actividades\/wp-json\/wp\/v2\/pages\/980\/revisions\/1630"}],"wp:attachment":[{"href":"https:\/\/tierrasdecaceresytrujillo.es\/actividades\/wp-json\/wp\/v2\/media?parent=980"}],"curies":[{"name":"wp","href":"https:\/\/api.w.org\/{rel}","templated":true}]}}